{"id":1076,"date":"2020-02-27T13:47:15","date_gmt":"2020-02-27T12:47:15","guid":{"rendered":"https:\/\/www.radmueller.com\/privacy-policy\/"},"modified":"2020-02-27T13:47:15","modified_gmt":"2020-02-27T12:47:15","slug":"privacy-policy","status":"publish","type":"page","link":"https:\/\/www.radmueller.com\/it\/privacy-policy\/","title":{"rendered":"Privacy Policy"},"content":{"rendered":"<p>[et_pb_section fb_built=&#8221;1&#8243; admin_label=&#8221;Contact&#8221; _builder_version=&#8221;3.22&#8243; background_color=&#8221;#f4f4f4&#8243;][et_pb_row _builder_version=&#8221;3.25&#8243; custom_width_px=&#8221;710px&#8221; locked=&#8221;off&#8221;][et_pb_column type=&#8221;4_4&#8243; _builder_version=&#8221;3.25&#8243; background_position=&#8221;top_left&#8221; custom_padding=&#8221;|||&#8221; custom_padding__hover=&#8221;|||&#8221;][et_pb_text _builder_version=&#8221;4.3.3&#8243; header_font_size_tablet=&#8221;&#8221; header_font_size_phone=&#8221;24px&#8221; header_font_size_last_edited=&#8221;on|desktop&#8221;]<\/p>\n<h1><strong>INFORMATIVA ALLA PRIVACY POLICY<\/strong><\/h1>\n<p>[\/et_pb_text][et_pb_divider color=&#8221;#000000&#8243; divider_weight=&#8221;3px&#8221; disabled_on=&#8221;off|off|off&#8221; _builder_version=&#8221;4.3.2&#8243; background_color_gradient_direction=&#8221;90deg&#8221; max_width=&#8221;100px&#8221; module_alignment=&#8221;center&#8221; height=&#8221;5px&#8221; custom_margin=&#8221;||20px|&#8221; custom_padding=&#8221;||20px|&#8221; animation_style=&#8221;slide&#8221; animation_direction=&#8221;bottom&#8221; saved_tabs=&#8221;all&#8221; locked=&#8221;off&#8221;][\/et_pb_divider][et_pb_text _builder_version=&#8221;4.3.4&#8243; custom_padding=&#8221;3px|||||&#8221; hover_enabled=&#8221;0&#8243;]La societ\u00e0 <strong>Radmueller SNC des Radmueller Werner &amp; Co<\/strong>, con sede legale in 39010 Verano (BZ), Via Wiesenweg 32, in qualit\u00e0 di titolare del trattamento (in seguito, \u201c<strong><em>Titolare<\/em><\/strong>\u201d), La informa ai sensi dell\u2019art. 13 Regolamento UE n. 2016\/679 (in seguito, \u201c<strong>GDPR<\/strong>\u201d) che i Suoi dati saranno trattati con le modalit\u00e0 e per le finalit\u00e0 seguenti:<\/p>\n<p>&nbsp;<\/p>\n<ol>\n<li><strong> Oggetto del trattamento<\/strong><br \/>\nIl <strong>Titolare<\/strong> tratta i dati personali identificativi (ad esempio, nome, cognome, ragione sociale, indirizzo, telefono, cellulare, numero fax, e-mail, PEC.email, codice-SDI, codice fisciale, partita iva, riferimenti bancari e di pagamento \u2013 in seguito \u201c<strong>dati personali<\/strong>\u201d o anche \u201c<strong>dati<\/strong>\u201d) da Lei comunicati in occasione della definizione di contratti per i prodotti\/servizi del <strong>Titolare<\/strong>.<\/li>\n<\/ol>\n<p>&nbsp;<\/p>\n<ol start=\"2\">\n<li><strong> Finalit\u00e0 del trattamento<\/strong><br \/>\nI Suoi dati personali sono trattati:<\/li>\n<\/ol>\n<p>&nbsp;<\/p>\n<ol>\n<li><strong>A)<\/strong> ai sensi dell\u2019art. 6 lett. b) e c) GDPR, per le seguenti Finalit\u00e0:<br \/>\n\u2013 esecuzione dell\u2019oggetto del rapporto contrattuale cui Lei \u00e8 parte o esecuzione di misure precontrattuali adottate su Sua richiesta;<\/li>\n<\/ol>\n<p>\u2013 adempimento degli obblighi precontrattuali, contrattuali e fiscali derivanti da rapporti con Lei in essere;<\/p>\n<p>\u2013 adempimento degli obblighi previsti dalla legge, da un regolamento, dalla normativa comunitaria o da un ordine dell\u2019Autorit\u00e0 (come ad esempio in materia di antiriciclaggio);<\/p>\n<p>\u2013 esercizio dei diritti del <strong>Titolare<\/strong>, ad esempio il diritto di difesa in giudizio;<\/p>\n<p>&nbsp;<\/p>\n<p>Le segnaliamo che se Lei \u00e8 gi\u00e0 nostro cliente, potremo inviarLe comunicazioni commerciali relative a prodotti\/servizi del <strong>Titolare<\/strong>, omologhi a quelli gi\u00e0 da Lei acquistati dalla ns. societ\u00e0, attraverso un precedente rapporto commerciale, salvo Suo dissenso.<\/p>\n<p>&nbsp;<\/p>\n<ol>\n<li><strong>B)<\/strong> Solo previo Suo specifico e distinto consenso (art. 7 GDPR), per le seguenti finalit\u00e0 di Marketing:<br \/>\n\u2013 inviarLe via newsletter, e-mail, posta e\/o sms, Facebook Messenger, LinkedIn Messenger, WhatsApp Messenger e\/o contatti telefonici, comunicazioni commerciali e\/o materiale pubblicitario su prodotti\/servizi offerti dal <strong>Titolare<\/strong> e rilevazione del grado di soddisfazione sulla qualit\u00e0 dei prodotti\/servizi;<\/li>\n<\/ol>\n<p>&nbsp;<\/p>\n<ol start=\"3\">\n<li><strong> Modalit\u00e0 di trattamento<\/strong><br \/>\nIl trattamento dei Suoi dati personali avviene per mezzo delle operazioni indicate all\u2019art. 4 n. 2) GDPR e precisamente: raccolta, registrazione, organizzazione, conservazione, consultazione, elaborazione, modificazione, selezione, estrazione, raffronto, utilizzo, interconnessione, blocco, comunicazione, cancellazione e distruzione dei dati. I Suoi dati personali sono sottoposti a trattamento sia cartaceo che elettronico e\/o automatizzato.<\/li>\n<\/ol>\n<p>&nbsp;<\/p>\n<p>Il <strong>Titolare<\/strong> tratter\u00e0 i dati personali per il tempo necessario per adempiere alle finalit\u00e0 di cui sopra e comunque per non oltre 10 anni dalla cessazione del rapporto per le Finalit\u00e0 indicate e per non oltre 3 anni dalla raccolta dei dati per le Finalit\u00e0 di Marketing.<\/p>\n<p>&nbsp;<\/p>\n<ol start=\"4\">\n<li><strong> Accesso ai dati<\/strong><br \/>\nI Suoi dati potranno essere resi accessibili per le finalit\u00e0 di cui all\u2019art. 2.A) e 2.B):<\/li>\n<\/ol>\n<p>\u2013 a dipendenti e collaboratori del <strong>Titolare<\/strong> in Italia e all\u2019estero, nella loro qualit\u00e0 di autorizzati e\/o referenti interni del trattamento e\/o amministratori di sistema;<\/p>\n<p>\u2013 a societ\u00e0 terze o altri soggetti (a titolo indicativo, istituti di credito, studi professionali, consulenti, societ\u00e0 di assicurazione per la prestazione di servizi assicurativi, etc.) che svolgono attivit\u00e0 in outsourcing per conto del <strong>Titolar<\/strong>e, nella loro qualit\u00e0 di responsabili esterni del trattamento.<\/p>\n<p>&nbsp;<\/p>\n<ol start=\"5\">\n<li><strong> Comunicazione dei dati<\/strong><br \/>\nSenza la necessit\u00e0 di un espresso consenso (ex art. 6 lett. b) e c) GDPR), il <strong>Titolare<\/strong> potr\u00e0 comunicare i Suoi dati per le finalit\u00e0 di cui all\u2019art. 2.A) a Organismi di vigilanza, Autorit\u00e0 giudiziarie, a societ\u00e0 di assicurazione per la prestazione di servizi assicurativi, nonch\u00e9 a quei soggetti ai quali la comunicazione sia obbligatoria per legge per l\u2019espletamento delle finalit\u00e0 dette. Detti soggetti tratteranno i dati nella loro qualit\u00e0 di autonomi titolari del trattamento.<\/li>\n<\/ol>\n<p>I Suoi dati non saranno diffusi.<\/p>\n<p>&nbsp;<\/p>\n<ol start=\"6\">\n<li><strong> Trasferimento dati<\/strong><br \/>\nI dati personali saranno trattati sia su supporto cartaceo che elettronico e\/o automatizzato presso la sede legale del titolare, e conservati all&#8217;interno dell&#8217;Unione Europea. I dati personali che ci pervengono via e-mail o tramite il modulo di contatto sul nostro sito web vengono memorizzati sui server di All-INKL.COM a Dresda (Germania) all&#8217;interno dell&#8217;Unione Europea. I dati personali che ci pervengono via posta PEC saranno conservati sui server di Aruba S.P.A. ad Arezzo, Roma e Milano (Italia) all&#8217;interno dell&#8217;Unione Europea.<\/li>\n<\/ol>\n<p>&nbsp;<\/p>\n<ol start=\"7\">\n<li><strong> Natura del conferimento dei dati e conseguenze del rifiuto di rispondere<\/strong><br \/>\nIl conferimento dei dati per le finalit\u00e0 di cui all\u2019art. 2.A) \u00e8 obbligatorio. In loro assenza, non potremo garantirle l\u2019esecuzione del contratto di cui all\u2019art. 2.A).<\/li>\n<\/ol>\n<p>Il conferimento dei dati per le finalit\u00e0 di cui all\u2019art. 2.B) \u00e8 invece facoltativo. Pu\u00f2 quindi decidere di non conferire alcun dato o di negare successivamente la possibilit\u00e0 di trattare dati gi\u00e0 forniti: in tal caso, non potr\u00e0 ricevere newsletter, comunicazioni commerciali e materiale pubblicitario inerenti ai Prodotti\/Servizi offerti dal <strong>Titolare<\/strong>. Continuer\u00e0 comunque ad avere diritto ai Prodotti\/Servizi di cui all\u2019art. 2.A).<\/p>\n<p>&nbsp;<\/p>\n<ol start=\"8\">\n<li><strong> Diritti dell\u2019interessato<\/strong><br \/>\nNella Sua qualit\u00e0 di interessato, gode dei diritti di cui all\u2019 art. 15 GDPR e precisamente i diritti di:<\/li>\n<li>ottenere la conferma dell\u2019esistenza o meno di dati personali che La riguardano, anche se non ancora registrati, e la loro comunicazione in forma intelligibile;<\/li>\n<li>\nottenere l\u2019indicazione: a) dell\u2019origine dei dati personali; b) delle finalit\u00e0 e modalit\u00e0 del trattamento; c) della logica applicata in caso di trattamento effettuato con l\u2019ausilio di strumenti elettronici; d) degli estremi identificativi del <strong>titolare<\/strong>, dei<br \/>\nresponsabili e del rappresentante designato ai sensi dell\u2019art. 3, comma 1, GDPR; e) dei soggetti o delle categorie di soggetti ai quali i dati personali possono essere comunicati o che possono venirne a conoscenza in qualit\u00e0 di rappresentante designato nel territorio dello Stato, di designati o autorizzati;<\/li>\n<\/ol>\n<p>&nbsp;<\/p>\n<ol start=\"3\">\n<li>ottenere: a) l\u2019aggiornamento, la rettificazione ovvero, quando vi ha interesse, l\u2019integrazione dei dati; b) la cancellazione, la trasformazione in forma anonima o il blocco dei dati trattati in violazione di legge, compresi quelli di cui non \u00e8 necessaria la conservazione in relazione agli scopi per i quali i dati sono stati raccolti o successivamente trattati; c) l\u2019attestazione che le operazioni di cui alle lettere a) e b) sono state portate a conoscenza, anche per quanto riguarda il loro contenuto, di coloro ai quali i dati sono stati comunicati o diffusi, eccettuato il caso in cui tale adempimento si rivela impossibile o comporta un impiego di mezzi manifestamente sproporzionato rispetto al diritto tutelato;<\/li>\n<\/ol>\n<p>&nbsp;<\/p>\n<ol start=\"4\">\n<li>opporsi, in tutto o in parte: a) per motivi legittimi al trattamento dei dati personali che La riguardano, ancorch\u00e9 pertinenti allo scopo della raccolta; b) al trattamento di dati personali che La riguardano a fini di invio di materiale pubblicitario o di vendita diretta o per il compimento di ricerche di mercato o di comunicazione commerciale, mediante e-mail e\/o mediante modalit\u00e0 di marketing tradizionali mediante telefono, WhatsApp Messenger, Facebook Messenger, LinkedIn Messenger e\/o posta cartacea.<\/li>\n<\/ol>\n<p>Ove applicabili, ha altres\u00ec i diritti di cui agli artt. 16-21 GDPR (Diritto di rettifica, diritto all\u2019oblio, diritto di limitazione di trattamento, diritto alla portabilit\u00e0 dei dati, diritto di opposizione), nonch\u00e9 il diritto di reclamo all\u2019Autorit\u00e0 Garante.<\/p>\n<p>&nbsp;<\/p>\n<ol start=\"9\">\n<li><strong> Modalit\u00e0 di esercizio dei diritti<\/strong><br \/>\nPotr\u00e0 in qualsiasi momento esercitare i diritti inviando:<\/li>\n<\/ol>\n<p>\u2013 una raccomandata a.r. all\u2019indirizzo della sede legale del <strong>titolare<\/strong>;<\/p>\n<p>\u2013 una e-mail all\u2019indirizzo <a href=\"mailto:werner@radmueller.com\">werner@radmueller.com<\/a> o indirizzo email certificato <a href=\"mailto:radmueller@pec.rolmail.net\">radmueller@pec.rolmail.net<\/a><\/p>\n<ol start=\"10\">\n<li><strong> Titolare, responsabili e autorizzati<\/strong><br \/>\nIl Titolare del trattamento \u00e8 la societ\u00e0 <strong>Radmueller SNC des Radmueller Werner &amp; Co<\/strong>, con sede legale in 39010 Verano (BZ), Via Wiesenweg 32.<\/li>\n<\/ol>\n<p>&nbsp;<\/p>\n<p>Il responsabile del trattamento dei dati \u00e8 Radmueller Werner.[\/et_pb_text][\/et_pb_column][\/et_pb_row][\/et_pb_section]<\/p>\n","protected":false},"excerpt":{"rendered":"<p>INFORMATIVA ALLA PRIVACY POLICYLa societ\u00e0 Radmueller SNC des Radmueller Werner &amp; Co, con sede legale in 39010 Verano (BZ), Via Wiesenweg 32, in qualit\u00e0 di titolare del trattamento (in seguito, \u201cTitolare\u201d), La informa ai sensi dell\u2019art. 13 Regolamento UE n. 2016\/679 (in seguito, \u201cGDPR\u201d) che i Suoi dati saranno trattati con le modalit\u00e0 e per [&hellip;]<\/p>\n","protected":false},"author":1,"featured_media":0,"parent":0,"menu_order":0,"comment_status":"closed","ping_status":"open","template":"","meta":{"_et_pb_use_builder":"on","_et_pb_old_content":"","_et_gb_content_width":"","footnotes":""},"class_list":["post-1076","page","type-page","status-publish","hentry"],"aioseo_notices":[],"_links":{"self":[{"href":"https:\/\/www.radmueller.com\/it\/wp-json\/wp\/v2\/pages\/1076","targetHints":{"allow":["GET"]}}],"collection":[{"href":"https:\/\/www.radmueller.com\/it\/wp-json\/wp\/v2\/pages"}],"about":[{"href":"https:\/\/www.radmueller.com\/it\/wp-json\/wp\/v2\/types\/page"}],"author":[{"embeddable":true,"href":"https:\/\/www.radmueller.com\/it\/wp-json\/wp\/v2\/users\/1"}],"replies":[{"embeddable":true,"href":"https:\/\/www.radmueller.com\/it\/wp-json\/wp\/v2\/comments?post=1076"}],"version-history":[{"count":0,"href":"https:\/\/www.radmueller.com\/it\/wp-json\/wp\/v2\/pages\/1076\/revisions"}],"wp:attachment":[{"href":"https:\/\/www.radmueller.com\/it\/wp-json\/wp\/v2\/media?parent=1076"}],"curies":[{"name":"wp","href":"https:\/\/api.w.org\/{rel}","templated":true}]}}