{"id":1152,"date":"2020-03-26T09:27:43","date_gmt":"2020-03-26T08:27:43","guid":{"rendered":"https:\/\/www.radmueller.com\/blumartin\/"},"modified":"2022-04-18T20:21:39","modified_gmt":"2022-04-18T18:21:39","slug":"blumartin","status":"publish","type":"page","link":"https:\/\/www.radmueller.com\/it\/blumartin\/","title":{"rendered":"bluMartin"},"content":{"rendered":"<p>[et_pb_section fb_built=&#8221;1&#8243; admin_label=&#8221;section&#8221; _builder_version=&#8221;4.15&#8243; background_color=&#8221;#FFFFFF&#8221; global_colors_info=&#8221;{}&#8221;][et_pb_row column_structure=&#8221;2_3,1_3&#8243; admin_label=&#8221;row&#8221; _builder_version=&#8221;4.15&#8243; background_size=&#8221;initial&#8221; background_position=&#8221;top_left&#8221; background_repeat=&#8221;repeat&#8221; global_colors_info=&#8221;{}&#8221;][et_pb_column type=&#8221;2_3&#8243; _builder_version=&#8221;4.15&#8243; custom_padding=&#8221;|||&#8221; global_colors_info=&#8221;{}&#8221; custom_padding__hover=&#8221;|||&#8221;][et_pb_text _builder_version=&#8221;4.15&#8243; header_text_color=&#8221;#000000&#8243; global_colors_info=&#8221;{}&#8221;]<\/p>\n<h1>Consulenza e vendita:<\/h1>\n<p>[\/et_pb_text][et_pb_text _builder_version=&#8221;4.15.1&#8243; header_text_color=&#8221;#000000&#8243; hover_enabled=&#8221;0&#8243; global_colors_info=&#8221;{}&#8221; sticky_enabled=&#8221;0&#8243;]<\/p>\n<h1>Alto Adige e Trentino<\/h1>\n<p>[\/et_pb_text][et_pb_text _builder_version=&#8221;4.15&#8243; header_text_color=&#8221;#000000&#8243; header_3_text_color=&#8221;#000000&#8243; link_font_size_tablet=&#8221;&#8221; link_font_size_phone=&#8221;&#8221; link_font_size_last_edited=&#8221;on|desktop&#8221; global_colors_info=&#8221;{}&#8221;]<\/p>\n<h1>Werner Radm\u00fcller<\/h1>\n<h3>Mobil: +39 335 6566067<br \/>Email:\u00a0<a href=\"mailto:werner@radmueller.com\">werner@radmueller.com<\/a><\/h3>\n<p>[\/et_pb_text][\/et_pb_column][et_pb_column type=&#8221;1_3&#8243; _builder_version=&#8221;4.15&#8243; custom_padding=&#8221;|||&#8221; global_colors_info=&#8221;{}&#8221; custom_padding__hover=&#8221;|||&#8221;][et_pb_image src=&#8221;https:\/\/www.radmueller.com\/wp-content\/uploads\/2020\/02\/bluMartin-1.png&#8221; url=&#8221;https:\/\/blumartin.de&#8221; url_new_window=&#8221;on&#8221; align=&#8221;right&#8221; _builder_version=&#8221;4.15&#8243; width=&#8221;70%&#8221; border_width_all=&#8221;1px&#8221; global_colors_info=&#8221;{}&#8221;][\/et_pb_image][\/et_pb_column][\/et_pb_row][et_pb_row admin_label=&#8221;row&#8221; _builder_version=&#8221;4.15&#8243; background_size=&#8221;initial&#8221; background_position=&#8221;top_left&#8221; background_repeat=&#8221;repeat&#8221; custom_padding=&#8221;||68px|||&#8221; global_colors_info=&#8221;{}&#8221;][et_pb_column type=&#8221;4_4&#8243; _builder_version=&#8221;4.15&#8243; custom_padding=&#8221;|||&#8221; global_colors_info=&#8221;{}&#8221; custom_padding__hover=&#8221;|||&#8221;][et_pb_text _builder_version=&#8221;4.15&#8243; text_text_color=&#8221;#000000&#8243; header_text_color=&#8221;#000000&#8243; header_3_text_color=&#8221;#000000&#8243; text_orientation=&#8221;justified&#8221; custom_margin=&#8221;1px|||||&#8221; header_3_font_size_tablet=&#8221;&#8221; header_3_font_size_phone=&#8221;20px&#8221; header_3_font_size_last_edited=&#8221;on|phone&#8221; global_colors_info=&#8221;{}&#8221;]<\/p>\n<h1>bluMartin<\/h1>\n<h1>\u00a0<\/h1>\n<h3>Ventilazione domestica a richiesta con recupero di calore<\/h3>\n<p>Efficace, efficiente dal punto di vista energetico e silenzioso &#8211; il sistema di ventilazione residenziale freeAir offre una soluzione di ventilazione tecnicamente sofisticata per nuovi edifici e progetti di ristrutturazione. La gestione della domanda controllata da sensori garantisce un clima interno sano. A un recupero di calore superiore al 90% corrisponde una domanda molto bassa di energia di esercizio. Un ulteriore vantaggio \u00e8 la possibilit\u00e0 di rifornire di aria fresca diversi locali tramite un&#8217;unica unit\u00e0. Il freeAir 100 combina cos\u00ec i vantaggi dei sistemi di ventilazione decentralizzati e centralizzati. <a href=\"https:\/\/blumartin.de\/wohnraumlueftung-freeair-dezentral-mit-waermerueckgewinnung\/\" target=\"_blank\" rel=\"noopener noreferrer\"><strong>Mehr \u00fcber die Wohnrauml\u00fcftung freeAir erfahren<\/strong><\/a><\/p>\n<p>[\/et_pb_text][et_pb_text _builder_version=&#8221;4.15&#8243; text_text_color=&#8221;#ffffff&#8221; header_text_color=&#8221;#000000&#8243; header_font_size=&#8221;24px&#8221; header_3_text_color=&#8221;#ffffff&#8221; text_orientation=&#8221;justified&#8221; custom_margin=&#8221;1px|||||&#8221; header_font_size_tablet=&#8221;20px&#8221; header_font_size_phone=&#8221;&#8221; header_font_size_last_edited=&#8221;on|tablet&#8221; header_3_font_size_tablet=&#8221;&#8221; header_3_font_size_phone=&#8221;20px&#8221; header_3_font_size_last_edited=&#8221;on|phone&#8221; global_colors_info=&#8221;{}&#8221;]<\/p>\n<h1 class=\"title style-scope ytd-video-primary-info-renderer\">L&#8217;aria sana non \u00e8 mai stata cos\u00ec facile &#8211; un cortometraggio bluMartin con Martin Schmitt<\/h1>\n<p>[\/et_pb_text][et_pb_video src=&#8221;https:\/\/www.youtube.com\/watch?v=qfQpKfBy5Dw&#8221; src_webm=&#8221;https:\/\/www.youtube.com\/watch?v=qfQpKfBy5Dw&#8221; image_src=&#8221;\/\/i.ytimg.com\/vi\/qfQpKfBy5Dw\/hqdefault.jpg&#8221; thumbnail_overlay_color=&#8221;rgba(0,0,0,0.6)&#8221; _builder_version=&#8221;4.15&#8243; global_colors_info=&#8221;{}&#8221;][\/et_pb_video][et_pb_video src=&#8221;https:\/\/www.youtube.com\/watch?v=FVH3ZLGYU2Y&#8221; src_webm=&#8221;https:\/\/www.youtube.com\/watch?v=FVH3ZLGYU2Y&#8221; image_src=&#8221;\/\/i.ytimg.com\/vi\/FVH3ZLGYU2Y\/hqdefault.jpg&#8221; thumbnail_overlay_color=&#8221;rgba(0,0,0,0.6)&#8221; _builder_version=&#8221;4.15&#8243; global_colors_info=&#8221;{}&#8221;][\/et_pb_video][et_pb_text _builder_version=&#8221;4.15&#8243; text_text_color=&#8221;#ffffff&#8221; header_text_color=&#8221;#ffffff&#8221; header_3_text_color=&#8221;#000000&#8243; text_orientation=&#8221;justified&#8221; custom_margin=&#8221;1px|||||&#8221; header_3_font_size_tablet=&#8221;&#8221; header_3_font_size_phone=&#8221;20px&#8221; header_3_font_size_last_edited=&#8221;on|phone&#8221; global_colors_info=&#8221;{}&#8221;]<\/p>\n<h3>Installazione dell&#8217;apparecchio di ventilazione freeAir 100 con collegamento al secondo locale<\/h3>\n<p>[\/et_pb_text][et_pb_video src=&#8221;https:\/\/www.youtube.com\/watch?v=x8exJSUUCEs&#8221; src_webm=&#8221;https:\/\/www.youtube.com\/watch?v=x8exJSUUCEs&#8221; image_src=&#8221;\/\/i.ytimg.com\/vi\/x8exJSUUCEs\/hqdefault.jpg&#8221; thumbnail_overlay_color=&#8221;rgba(0,0,0,0.6)&#8221; _builder_version=&#8221;4.15&#8243; global_colors_info=&#8221;{}&#8221;][\/et_pb_video][\/et_pb_column][\/et_pb_row][\/et_pb_section]<\/p>\n","protected":false},"excerpt":{"rendered":"<p>Consulenza e vendita:Alto Adige e TrentinoWerner Radm\u00fcller Mobil: +39 335 6566067Email:\u00a0werner@radmueller.combluMartin \u00a0 Ventilazione domestica a richiesta con recupero di calore Efficace, efficiente dal punto di vista energetico e silenzioso &#8211; il sistema di ventilazione residenziale freeAir offre una soluzione di ventilazione tecnicamente sofisticata per nuovi edifici e progetti di ristrutturazione. La gestione della domanda controllata [&hellip;]<\/p>\n","protected":false},"author":1,"featured_media":0,"parent":0,"menu_order":0,"comment_status":"closed","ping_status":"closed","template":"","meta":{"_et_pb_use_builder":"on","_et_pb_old_content":"","_et_gb_content_width":"","footnotes":""},"class_list":["post-1152","page","type-page","status-publish","hentry"],"aioseo_notices":[],"_links":{"self":[{"href":"https:\/\/www.radmueller.com\/it\/wp-json\/wp\/v2\/pages\/1152","targetHints":{"allow":["GET"]}}],"collection":[{"href":"https:\/\/www.radmueller.com\/it\/wp-json\/wp\/v2\/pages"}],"about":[{"href":"https:\/\/www.radmueller.com\/it\/wp-json\/wp\/v2\/types\/page"}],"author":[{"embeddable":true,"href":"https:\/\/www.radmueller.com\/it\/wp-json\/wp\/v2\/users\/1"}],"replies":[{"embeddable":true,"href":"https:\/\/www.radmueller.com\/it\/wp-json\/wp\/v2\/comments?post=1152"}],"version-history":[{"count":0,"href":"https:\/\/www.radmueller.com\/it\/wp-json\/wp\/v2\/pages\/1152\/revisions"}],"wp:attachment":[{"href":"https:\/\/www.radmueller.com\/it\/wp-json\/wp\/v2\/media?parent=1152"}],"curies":[{"name":"wp","href":"https:\/\/api.w.org\/{rel}","templated":true}]}}