{"id":1274,"date":"2020-05-24T21:23:34","date_gmt":"2020-05-24T19:23:34","guid":{"rendered":"https:\/\/www.radmueller.com\/condizioni-generali-di-contratto\/"},"modified":"2021-02-15T14:53:34","modified_gmt":"2021-02-15T13:53:34","slug":"condizioni-generali-di-contratto","status":"publish","type":"page","link":"https:\/\/www.radmueller.com\/it\/condizioni-generali-di-contratto\/","title":{"rendered":"Condizioni generali di contratto"},"content":{"rendered":"<p>[et_pb_section fb_built=&#8221;1&#8243; admin_label=&#8221;section&#8221; _builder_version=&#8221;3.22&#8243;][et_pb_row admin_label=&#8221;row&#8221; _builder_version=&#8221;3.25&#8243; background_size=&#8221;initial&#8221; background_position=&#8221;top_left&#8221; background_repeat=&#8221;repeat&#8221;][et_pb_column type=&#8221;4_4&#8243; _builder_version=&#8221;3.25&#8243; custom_padding=&#8221;|||&#8221; custom_padding__hover=&#8221;|||&#8221;][et_pb_text admin_label=&#8221;Text&#8221; _builder_version=&#8221;3.27.4&#8243; background_size=&#8221;initial&#8221; background_position=&#8221;top_left&#8221; background_repeat=&#8221;repeat&#8221;]<\/p>\n<p><strong>Termini e condizioni di vendita e consegna:<\/strong><\/p>\n<p>&nbsp;<\/p>\n<p><strong>Generale<\/strong><br \/>Queste condizioni di vendita e di consegna sono una parte essenziale di ogni ordine e sono messe a disposizione dell&#8217;acquirente con ogni ordine. L&#8217;acquirente dichiara espressamente di aver ricevuto e di accettare lo stesso.<\/p>\n<p><strong>Condizioni di consegna<\/strong><br \/>Difficolt\u00e0 di trasporto, interruzioni tecniche nell&#8217;azienda o nelle aziende dei fornitori del venditore autorizzano il venditore a spostare o posticipare il termine di consegna, senza che l&#8217;acquirente possa ricavarne alcun diritto.<\/p>\n<p>In caso di ritardo nella consegna causato dall&#8217;Acquirente o da terzi, i materiali forniti dalla Societ\u00e0 devono essere pagati per intero e i termini di pagamento devono essere osservati esattamente come concordato.<\/p>\n<p>I termini di consegna sono soggetti a modifiche o non sono vincolanti se non sono espressamente concordati come date essenziali.<\/p>\n<p>In caso di modifica concordata dell&#8217;ordine, il fornitore \u00e8 autorizzato a rivalutare la data di consegna.<\/p>\n<p>Le informazioni contenute nelle descrizioni riguardanti le prestazioni, il peso, ecc. sono da considerarsi approssimative. In caso di fatturazione finale, si applicano le quantit\u00e0 effettivamente consegnate, anche se queste si discostano dall&#8217;offerta. Ci\u00f2 \u00e8 particolarmente vero perch\u00e9 le quantit\u00e0 (pesi) non sempre corrispondono ai calcoli.<\/p>\n<p>In ogni caso, l&#8217;acquirente dichiara espressamente che deve pagare le quantit\u00e0 effettivamente consegnate.<\/p>\n<p>Una richiesta di danni da parte dell&#8217;acquirente a causa del mancato adempimento o a causa del ritardo non \u00e8 concessa.<\/p>\n<p>Anche se la merce \u00e8 stata venduta alla destinazione concordata, il rischio del trasporto \u00e8 a carico del destinatario, a meno che la colpa non possa essere attribuita a grave negligenza da parte del fornitore. Dal momento della presa in consegna dell&#8217;oggetto d&#8217;acquisto, l&#8217;acquirente si assume l&#8217;intero rischio e la responsabilit\u00e0 per esso, motivo per cui la societ\u00e0 venditrice rimane esente da ogni ulteriore responsabilit\u00e0.<\/p>\n<p><strong>Prezzo<\/strong><br \/>Gli aumenti di prezzo dovuti agli aumenti dei costi primari (prezzi di fabbrica, tassi di cambio, tariffe di trasporto, dazi doganali, misure di importazione, ecc.) tra l&#8217;ordine e la consegna devono essere espressamente assunti dall&#8217;acquirente, devono essere fatturati e sono considerati concordati.<\/p>\n<p><strong>Condizioni di pagamento<\/strong><br \/>Se i termini di pagamento concordati vengono superati, la societ\u00e0 venditrice \u00e8 immediatamente autorizzata a richiedere un decreto di sollecito immediatamente esecutivo presso il tribunale regionale competente.<\/p>\n<p>Tutti gli oggetti di vendita rimangono soggetti alla riserva di propriet\u00e0 in conformit\u00e0 all&#8217;art. 1523 e seguenti. B.G.B. fino alla completa copertura di tutti gli obblighi dell&#8217;acquirente derivanti dal contratto di acquisto. Finch\u00e9 esiste la riserva di propriet\u00e0, una vendita, un pegno, un trasferimento a titolo di garanzia, un leasing o un altro trasferimento dell&#8217;oggetto della vendita non \u00e8 consentito senza il consenso scritto della societ\u00e0 venditrice, altrimenti anche il prezzo di acquisto differito e ancora in sospeso diventa immediatamente esigibile.<\/p>\n<p>Se terzi dovessero pignorare gli oggetti d&#8217;acquisto consegnati con riserva di propriet\u00e0, l&#8217;acquirente dovr\u00e0 darne immediata comunicazione al fornitore tramite lettera raccomandata (o, ovviamente, anche tramite PEC). In caso di inadempimento di questo obbligo, l&#8217;acquirente \u00e8 responsabile di qualsiasi danno risultante.<\/p>\n<p>L&#8217;acquirente ha l&#8217;obbligo di mantenere l&#8217;oggetto dell&#8217;acquisto in condizioni adeguate per la durata della riserva di propriet\u00e0.<\/p>\n<p><strong>Reclami &#8211; Notifica di difetti<\/strong><br \/>I reclami di qualsiasi tipo devono essere presentati per iscritto alla societ\u00e0 venditrice entro 8 giorni dal ricevimento della merce, fornendo dettagli precisi dei singoli difetti. I reclami giustificati di eventuali difetti saranno riparati dopo un&#8217;ispezione preventiva o sar\u00e0 consegnata una sostituzione a discrezione del venditore. Ulteriori rivendicazioni sono escluse.<\/p>\n<p><strong>Luogo di giurisdizione &#8211; legge applicabile<\/strong><br \/>Le parti contraenti concordano espressamente che per tutte le controversie legali derivanti dal presente contratto si applica la legge italiana e che il foro competente \u00e8 il Tribunale Provinciale di Bolzano.<\/p>\n<p><strong>Luogo di esecuzione<\/strong><br \/>Il luogo di esecuzione per la consegna e il pagamento \u00e8 il luogo in cui viene emessa la fattura.<\/p>\n<p><strong>Generale<\/strong><br \/>Gli accordi verbali o fatti per telefono devono essere confermati per iscritto dalla societ\u00e0 venditrice.<\/p>\n<p><strong>Protezione dei dati<\/strong><br \/>I suoi dati saranno trattati dalla societ\u00e0 Radmueller SNC di Radmueller Werner &amp; Co con sede legale in 39010 Verano, Wiesenweg 32 nel rispetto del D.Lgs. n. 196 del 30.06.03 (Codice Privacy). I suoi dati non saranno diffusi.<\/p>\n<p>Registrazione Camera di Commercio<br \/>Numero VWV BZ &#8211; 134754<\/p>\n<p>Radmueller SNC di Radmueller Werner &amp; Co<\/p>\n<p>Rappresentante legale Radmueller Werner<\/p>\n<p>Codice fiscale 01624980213<\/p>\n<p>In conformit\u00e0 con le disposizioni dell&#8217;art. 1341 e seguenti. BGB (Codice civile tedesco), le parti contraenti dichiarano espressamente di aver letto, compreso e approvato i punti 1,2,3,4, cos\u00ec come 5,6,7,8 e di accettare espressamente gli stessi.<\/p>\n<p>&nbsp;<\/p>\n<p>[\/et_pb_text][\/et_pb_column][\/et_pb_row][\/et_pb_section]<\/p>\n","protected":false},"excerpt":{"rendered":"<p>Termini e condizioni di vendita e consegna: &nbsp; GeneraleQueste condizioni di vendita e di consegna sono una parte essenziale di ogni ordine e sono messe a disposizione dell&#8217;acquirente con ogni ordine. L&#8217;acquirente dichiara espressamente di aver ricevuto e di accettare lo stesso. Condizioni di consegnaDifficolt\u00e0 di trasporto, interruzioni tecniche nell&#8217;azienda o nelle aziende dei fornitori [&hellip;]<\/p>\n","protected":false},"author":1,"featured_media":0,"parent":0,"menu_order":0,"comment_status":"closed","ping_status":"closed","template":"","meta":{"_et_pb_use_builder":"on","_et_pb_old_content":"","_et_gb_content_width":"","footnotes":""},"class_list":["post-1274","page","type-page","status-publish","hentry"],"aioseo_notices":[],"_links":{"self":[{"href":"https:\/\/www.radmueller.com\/it\/wp-json\/wp\/v2\/pages\/1274","targetHints":{"allow":["GET"]}}],"collection":[{"href":"https:\/\/www.radmueller.com\/it\/wp-json\/wp\/v2\/pages"}],"about":[{"href":"https:\/\/www.radmueller.com\/it\/wp-json\/wp\/v2\/types\/page"}],"author":[{"embeddable":true,"href":"https:\/\/www.radmueller.com\/it\/wp-json\/wp\/v2\/users\/1"}],"replies":[{"embeddable":true,"href":"https:\/\/www.radmueller.com\/it\/wp-json\/wp\/v2\/comments?post=1274"}],"version-history":[{"count":0,"href":"https:\/\/www.radmueller.com\/it\/wp-json\/wp\/v2\/pages\/1274\/revisions"}],"wp:attachment":[{"href":"https:\/\/www.radmueller.com\/it\/wp-json\/wp\/v2\/media?parent=1274"}],"curies":[{"name":"wp","href":"https:\/\/api.w.org\/{rel}","templated":true}]}}